{"id":3692,"date":"2026-03-23T12:36:57","date_gmt":"2026-03-23T12:36:57","guid":{"rendered":"https:\/\/proyecto115.adgencypixel.com\/?page_id=3692"},"modified":"2026-04-07T08:51:15","modified_gmt":"2026-04-07T08:51:15","slug":"colabora","status":"publish","type":"page","link":"https:\/\/proyecto115.adgencypixel.com\/index.php\/colabora\/","title":{"rendered":"Colabora"},"content":{"rendered":"\t\t<div data-elementor-type=\"wp-page\" data-elementor-id=\"3692\" class=\"elementor elementor-3692\" data-elementor-post-type=\"page\">\n\t\t\t\t<div class=\"elementor-element elementor-element-22ab2c8 e-flex e-con-boxed lakit-col-width-auto-no e-container e-root-container elementor-top-section e-con e-parent\" data-id=\"22ab2c8\" data-element_type=\"container\" data-e-type=\"container\" data-settings=\"{&quot;background_background&quot;:&quot;classic&quot;,&quot;background_motion_fx_motion_fx_scrolling&quot;:&quot;yes&quot;,&quot;background_motion_fx_translateY_effect&quot;:&quot;yes&quot;,&quot;background_motion_fx_translateY_speed&quot;:{&quot;unit&quot;:&quot;px&quot;,&quot;size&quot;:2,&quot;sizes&quot;:[]},&quot;background_motion_fx_devices&quot;:[&quot;tablet&quot;,&quot;desktop&quot;],&quot;shape_divider_bottom&quot;:&quot;lakit-shape-10&quot;,&quot;shape_divider_bottom_negative&quot;:&quot;yes&quot;,&quot;background_motion_fx_translateY_affectedRange&quot;:{&quot;unit&quot;:&quot;%&quot;,&quot;size&quot;:&quot;&quot;,&quot;sizes&quot;:{&quot;start&quot;:0,&quot;end&quot;:100}}}\">\n\t\t\t\t\t<div class=\"e-con-inner\">\n\t\t\t\t<div class=\"elementor-shape elementor-shape-bottom\" aria-hidden=\"true\" data-negative=\"true\">\n\t\t\t<svg xmlns=\"http:\/\/www.w3.org\/2000\/svg\" preserveAspectRatio=\"none\" viewBox=\"0 0 1514 45\">\n    <path class=\"elementor-shape-fill\" fill=\"#000\" d=\"M1514 22.429s-114 50.465-526.5 0-987.5 0-987.5 0V45h1514V22.429Z\"\/>\n<\/svg>\t\t<\/div>\n\t\t\t\t<div class=\"elementor-element elementor-element-eeeea80 hero elementor-widget elementor-widget-heading\" data-id=\"eeeea80\" data-element_type=\"widget\" data-e-type=\"widget\" data-widget_type=\"heading.default\">\n\t\t\t\t\t<h1 class=\"elementor-heading-title elementor-size-default\"><span class=\"tx\">Colabora<\/span><\/h1>\t\t\t\t<\/div>\n\t\t\t\t\t<\/div>\n\t\t\t\t<\/div>\n\t\t<div class=\"elementor-element elementor-element-459857e e-flex e-con-boxed lakit-col-width-auto-no e-container e-root-container elementor-top-section e-con e-parent\" data-id=\"459857e\" data-element_type=\"container\" data-e-type=\"container\">\n\t\t\t\t\t<div class=\"e-con-inner\">\n\t\t\t\t<div class=\"elementor-element elementor-element-3c63a41 balanced elementor-invisible elementor-widget elementor-widget-heading\" data-id=\"3c63a41\" data-element_type=\"widget\" data-e-type=\"widget\" data-settings=\"{&quot;_animation&quot;:&quot;lakitFoldDown&quot;,&quot;_animation_delay&quot;:200}\" data-widget_type=\"heading.default\">\n\t\t\t\t\t<h2 class=\"elementor-heading-title elementor-size-default\">Sobre la causa<\/h2>\t\t\t\t<\/div>\n\t\t\t\t<div class=\"elementor-element elementor-element-6ad4c11 elementor-widget__width-initial elementor-widget elementor-widget-image\" data-id=\"6ad4c11\" data-element_type=\"widget\" data-e-type=\"widget\" data-widget_type=\"image.default\">\n\t\t\t\t\t\t\t\t\t\t\t\t\t\t\t<img decoding=\"async\" width=\"232\" height=\"59\" src=\"https:\/\/proyecto115.adgencypixel.com\/wp-content\/uploads\/2026\/03\/gw-svg-a-1.png\" class=\"attachment-full size-full wp-image-3440\" alt=\"\" \/>\t\t\t\t\t\t\t\t\t\t\t\t\t\t\t<\/div>\n\t\t\t\t<div class=\"elementor-element elementor-element-4da583b elementor-widget elementor-widget-text-editor\" data-id=\"4da583b\" data-element_type=\"widget\" data-e-type=\"widget\" data-widget_type=\"text-editor.default\">\n\t\t\t\t\t\t\t\t\t<p>Entendemos la colaboraci\u00f3n no como una donaci\u00f3n puntual, sino como una <b>alianza estrat\u00e9gica<\/b> para paliar la pobreza global. Invitamos a instituciones y empresas a sumarse a un sistema que genera soluciones permanentes a trav\u00e9s del conocimiento y el liderazgo.<\/p><p>Establecemos una relaci\u00f3n de cercan\u00eda y profesionalidad con cada colaborador, garantizando que cada aportaci\u00f3n sea un eslab\u00f3n en nuestra espiral de eficiencia.<\/p>\t\t\t\t\t\t\t\t<\/div>\n\t\t\t\t\t<\/div>\n\t\t\t\t<\/div>\n\t\t<div class=\"elementor-element elementor-element-2db3e41 e-flex e-con-boxed lakit-col-width-auto-no e-container e-root-container elementor-top-section e-con e-parent\" data-id=\"2db3e41\" data-element_type=\"container\" data-e-type=\"container\">\n\t\t\t\t\t<div class=\"e-con-inner\">\n\t\t\t\t<div class=\"elementor-element elementor-element-d330760 elementor-widget elementor-widget-text-editor\" data-id=\"d330760\" data-element_type=\"widget\" data-e-type=\"widget\" data-widget_type=\"text-editor.default\">\n\t\t\t\t\t\t\t\t\t<p data-start=\"108\" data-end=\"377\">Colaborar con la Fundaci\u00f3n JYR 1961 es una forma directa de apoyar un proyecto que apuesta por la formaci\u00f3n como herramienta de transformaci\u00f3n personal y social. Puedes hacerlo mediante una <strong>aportaci\u00f3n puntual<\/strong> o a trav\u00e9s de una <strong>colaboraci\u00f3n peri\u00f3dica<\/strong> como socio o socia.<\/p><p data-start=\"379\" data-end=\"595\">Ambas modalidades ayudan a sostener becas, estructuras educativas y programas de acompa\u00f1amiento. La colaboraci\u00f3n peri\u00f3dica, adem\u00e1s, aporta mayor estabilidad al proyecto y permite reforzar su continuidad en el tiempo. [POR DEFINIR VENTAJAS DE SOCIO Y CUOTAS]<\/p>\t\t\t\t\t\t\t\t<\/div>\n\t\t\t\t\t<\/div>\n\t\t\t\t<\/div>\n\t\t<div class=\"elementor-element elementor-element-8663eee e-flex e-con-boxed lakit-col-width-auto-no e-container e-root-container elementor-top-section e-con e-parent\" data-id=\"8663eee\" data-element_type=\"container\" data-e-type=\"container\">\n\t\t\t\t\t<div class=\"e-con-inner\">\n\t\t\t\t<div class=\"elementor-element elementor-element-4959049 balanced elementor-invisible elementor-widget elementor-widget-heading\" data-id=\"4959049\" data-element_type=\"widget\" data-e-type=\"widget\" data-settings=\"{&quot;_animation&quot;:&quot;lakitFoldDown&quot;,&quot;_animation_delay&quot;:200}\" data-widget_type=\"heading.default\">\n\t\t\t\t\t<h2 class=\"elementor-heading-title elementor-size-default\">M\u00e9todos de pago<\/h2>\t\t\t\t<\/div>\n\t\t\t\t<div class=\"elementor-element elementor-element-d12b4bc elementor-widget__width-initial elementor-widget elementor-widget-image\" data-id=\"d12b4bc\" data-element_type=\"widget\" data-e-type=\"widget\" data-widget_type=\"image.default\">\n\t\t\t\t\t\t\t\t\t\t\t\t\t\t\t<img decoding=\"async\" width=\"232\" height=\"59\" src=\"https:\/\/proyecto115.adgencypixel.com\/wp-content\/uploads\/2026\/03\/gw-svg-a-1.png\" class=\"attachment-full size-full wp-image-3440\" alt=\"\" \/>\t\t\t\t\t\t\t\t\t\t\t\t\t\t\t<\/div>\n\t\t\t\t<div class=\"elementor-element elementor-element-c9b0968 elementor-widget elementor-widget-text-editor\" data-id=\"c9b0968\" data-element_type=\"widget\" data-e-type=\"widget\" data-widget_type=\"text-editor.default\">\n\t\t\t\t\t\t\t\t\t<p data-start=\"1856\" data-end=\"2014\">La fundaci\u00f3n pone a disposici\u00f3n de sus colaboradores distintos m\u00e9todos de pago para facilitar el proceso de donaci\u00f3n de forma segura, sencilla y transparente.<\/p><p data-start=\"2016\" data-end=\"2245\">Los sistemas habilitados permitir\u00e1n realizar aportaciones puntuales o peri\u00f3dicas mediante las v\u00edas que se indiquen en cada momento, garantizando siempre una gesti\u00f3n rigurosa y orientada al cumplimiento de los fines fundacionales. [POR DEFINIR METODOS DE PAGO]<\/p>\t\t\t\t\t\t\t\t<\/div>\n\t\t\t\t\t<\/div>\n\t\t\t\t<\/div>\n\t\t<div class=\"elementor-element elementor-element-9834802 e-flex e-con-boxed lakit-col-width-auto-no e-container e-root-container elementor-top-section e-con e-parent\" data-id=\"9834802\" data-element_type=\"container\" data-e-type=\"container\" data-settings=\"{&quot;background_background&quot;:&quot;classic&quot;}\">\n\t\t\t\t\t<div class=\"e-con-inner\">\n\t\t\t\t<div class=\"elementor-element elementor-element-791965d elementor-widget__width-initial elementor-widget-mobile__width-inherit lpt-icontop-false elementor-invisible elementor-widget lastudio-kit elementor-lakit-pricing-table\" data-id=\"791965d\" data-element_type=\"widget\" data-e-type=\"widget\" data-settings=\"{&quot;_animation&quot;:&quot;lakitShortFadeInUp&quot;,&quot;_animation_delay&quot;:350}\" data-widget_type=\"lakit-pricing-table.default\">\n\t\t\t\t\t<div class=\"lakit-pricing-table\">\n\t<div class=\"lakit-pricing-table__heading\">\n    <div class=\"lakit-pricing-table__icon\"><div class=\"lakit-pricing-table__icon-box\"><img loading=\"lazy\" decoding=\"async\" src=\"https:\/\/proyecto115.adgencypixel.com\/wp-content\/uploads\/2026\/03\/gw-svg-b-1.png\" alt=\"\" loading=\"lazy\" class=\"la-lazyload-image \" width=\"289\" height=\"51\"\/><\/div><\/div>\t<h3 class=\"lakit-pricing-table__title\">Donaci\u00f3n puntual<\/h3>\t<\/div>\t<div class=\"lakit-pricing-table__price\"><div class=\"lakit-pricing-table__price_wrap\"><span class=\"lakit-pricing-table__price-prefix\">desde<\/span><span class=\"lakit-pricing-table__price-val\">1<\/span><span class=\"lakit-pricing-table__price-suffix\">\u20ac<\/span><\/div><\/div>\t<div class=\"lakit-pricing-table__features\"><div class=\"lakit-pricing-feature lakit-pricing-feature-2395d4d item-included\">\n\t<div class=\"lakit-pricing-feature__inner\"><span class=\"item-bullet\"><i aria-hidden=\"true\" class=\"icon icon-check\"><\/i><\/span><span class=\"lakit-pricing-feature__text\">Seguimiento del proyecto<\/span><\/div>\n<\/div><div class=\"lakit-pricing-feature lakit-pricing-feature-533c2c3 item-included\">\n\t<div class=\"lakit-pricing-feature__inner\"><span class=\"item-bullet\"><i aria-hidden=\"true\" class=\"icon icon-check\"><\/i><\/span><span class=\"lakit-pricing-feature__text\">Reconocimiento como colaborador<\/span><\/div>\n<\/div><div class=\"lakit-pricing-feature lakit-pricing-feature-e3ea0d1 item-excluded\">\n\t<div class=\"lakit-pricing-feature__inner\"><span class=\"item-bullet\"><i aria-hidden=\"true\" class=\"icon icon-cancel\"><\/i><\/span><span class=\"lakit-pricing-feature__text\">Invitaci\u00f3n a eventos<\/span><\/div>\n<\/div><div class=\"lakit-pricing-feature lakit-pricing-feature-3bba1ad item-excluded\">\n\t<div class=\"lakit-pricing-feature__inner\"><span class=\"item-bullet\"><i aria-hidden=\"true\" class=\"icon icon-cancel\"><\/i><\/span><span class=\"lakit-pricing-feature__text\">Relaci\u00f3n preferente con la fundaci\u00f3n<\/span><\/div>\n<\/div><\/div>\t<div class=\"lakit-pricing-table__action\">\n\t\t<a class=\"elementor-button elementor-size-md lakit-pricing-table-button button-auto-size\" href=\"#\"><span class=\"elementor-button-content-wrapper\"><span class=\"elementor-button-text\">Dona ahora<\/span><span class=\"elementor-button-icon elementor-align-icon-right\"><svg xmlns=\"http:\/\/www.w3.org\/2000\/svg\" width=\"16\" height=\"16\" fill=\"none\" viewBox=\"0 0 16 16\"><path fill=\"currentColor\" d=\"M5.888.296a.25.25 0 0 0-.35-.046l-1.188.914a.25.25 0 0 0-.046.35L9.291 8l-4.99 6.485a.25.25 0 0 0 .045.35l1.191.915a.25.25 0 0 0 .35-.046l5.814-7.552a.25.25 0 0 0 0-.305L5.888.296Z\"><\/path><\/svg><\/span><\/span><\/a>\n\t<\/div>\t<\/div>\n\t\t\t\t<\/div>\n\t\t\t\t<div class=\"elementor-element elementor-element-f3aed1f elementor-widget__width-initial elementor-widget-mobile__width-inherit lpt-icontop-false elementor-invisible elementor-widget lastudio-kit elementor-lakit-pricing-table\" data-id=\"f3aed1f\" data-element_type=\"widget\" data-e-type=\"widget\" data-settings=\"{&quot;_animation&quot;:&quot;lakitShortFadeInUp&quot;,&quot;_animation_delay&quot;:350}\" data-widget_type=\"lakit-pricing-table.default\">\n\t\t\t\t\t<div class=\"lakit-pricing-table\">\n\t<div class=\"lakit-pricing-table__heading\">\n    <div class=\"lakit-pricing-table__icon\"><div class=\"lakit-pricing-table__icon-box\"><img loading=\"lazy\" decoding=\"async\" src=\"https:\/\/proyecto115.adgencypixel.com\/wp-content\/uploads\/2026\/03\/gw-svg-b-1.png\" alt=\"\" loading=\"lazy\" class=\"la-lazyload-image \" width=\"289\" height=\"51\"\/><\/div><\/div>\t<h3 class=\"lakit-pricing-table__title\">Hazte socio\/a<\/h3>\t<\/div>\t<div class=\"lakit-pricing-table__price\"><div class=\"lakit-pricing-table__price_wrap\"><span class=\"lakit-pricing-table__price-prefix\">desde<\/span><span class=\"lakit-pricing-table__price-val\">10<\/span><span class=\"lakit-pricing-table__price-suffix\">\u20ac<br>\/mes<\/span><\/div><\/div>\t<div class=\"lakit-pricing-table__features\"><div class=\"lakit-pricing-feature lakit-pricing-feature-2395d4d item-included\">\n\t<div class=\"lakit-pricing-feature__inner\"><span class=\"item-bullet\"><i aria-hidden=\"true\" class=\"icon icon-check\"><\/i><\/span><span class=\"lakit-pricing-feature__text\">Seguimiento del proyecto<\/span><\/div>\n<\/div><div class=\"lakit-pricing-feature lakit-pricing-feature-533c2c3 item-included\">\n\t<div class=\"lakit-pricing-feature__inner\"><span class=\"item-bullet\"><i aria-hidden=\"true\" class=\"icon icon-check\"><\/i><\/span><span class=\"lakit-pricing-feature__text\">Reconocimiento como colaborador<\/span><\/div>\n<\/div><div class=\"lakit-pricing-feature lakit-pricing-feature-e3ea0d1 item-included\">\n\t<div class=\"lakit-pricing-feature__inner\"><span class=\"item-bullet\"><i aria-hidden=\"true\" class=\"icon icon-check\"><\/i><\/span><span class=\"lakit-pricing-feature__text\">Invitaci\u00f3n a eventos<\/span><\/div>\n<\/div><div class=\"lakit-pricing-feature lakit-pricing-feature-3bba1ad item-included\">\n\t<div class=\"lakit-pricing-feature__inner\"><span class=\"item-bullet\"><i aria-hidden=\"true\" class=\"icon icon-check\"><\/i><\/span><span class=\"lakit-pricing-feature__text\">Relaci\u00f3n preferente con la fundaci\u00f3n<\/span><\/div>\n<\/div><\/div>\t<div class=\"lakit-pricing-table__action\">\n\t\t<a class=\"elementor-button elementor-size-md lakit-pricing-table-button button-auto-size\" href=\"#\"><span class=\"elementor-button-content-wrapper\"><span class=\"elementor-button-text\">Hazte socio\/a<\/span><span class=\"elementor-button-icon elementor-align-icon-right\"><svg xmlns=\"http:\/\/www.w3.org\/2000\/svg\" width=\"16\" height=\"16\" fill=\"none\" viewBox=\"0 0 16 16\"><path fill=\"currentColor\" d=\"M5.888.296a.25.25 0 0 0-.35-.046l-1.188.914a.25.25 0 0 0-.046.35L9.291 8l-4.99 6.485a.25.25 0 0 0 .045.35l1.191.915a.25.25 0 0 0 .35-.046l5.814-7.552a.25.25 0 0 0 0-.305L5.888.296Z\"><\/path><\/svg><\/span><\/span><\/a>\n\t<\/div>\t<\/div>\n\t\t\t\t<\/div>\n\t\t\t\t\t<\/div>\n\t\t\t\t<\/div>\n\t\t<div class=\"elementor-element elementor-element-c8aa7bc e-flex e-con-boxed lakit-col-width-auto-no e-container e-root-container elementor-top-section e-con e-parent\" data-id=\"c8aa7bc\" data-element_type=\"container\" data-e-type=\"container\">\n\t\t\t\t\t<div class=\"e-con-inner\">\n\t\t<div class=\"elementor-element elementor-element-2e5e970 e-con-full e-flex lakit-col-width-auto-no e-container e-con e-child\" data-id=\"2e5e970\" data-element_type=\"container\" data-e-type=\"container\">\n\t\t\t\t<div class=\"elementor-element elementor-element-11b55f9 balanced elementor-invisible elementor-widget elementor-widget-heading\" data-id=\"11b55f9\" data-element_type=\"widget\" data-e-type=\"widget\" data-settings=\"{&quot;_animation&quot;:&quot;lakitFoldDown&quot;,&quot;_animation_delay&quot;:200}\" data-widget_type=\"heading.default\">\n\t\t\t\t\t<h2 class=\"elementor-heading-title elementor-size-default\">L\u00edneas de colaboraci\u00f3n<\/h2>\t\t\t\t<\/div>\n\t\t\t\t<div class=\"elementor-element elementor-element-525aff5 elementor-widget__width-initial elementor-widget elementor-widget-image\" data-id=\"525aff5\" data-element_type=\"widget\" data-e-type=\"widget\" data-widget_type=\"image.default\">\n\t\t\t\t\t\t\t\t\t\t\t\t\t\t\t<img decoding=\"async\" width=\"289\" height=\"51\" src=\"https:\/\/proyecto115.adgencypixel.com\/wp-content\/uploads\/2026\/03\/gw-svg-b-1.png\" class=\"attachment-full size-full wp-image-3439\" alt=\"\" \/>\t\t\t\t\t\t\t\t\t\t\t\t\t\t\t<\/div>\n\t\t\t\t<div class=\"elementor-element elementor-element-e384f9c elementor-widget elementor-widget-text-editor\" data-id=\"e384f9c\" data-element_type=\"widget\" data-e-type=\"widget\" data-widget_type=\"text-editor.default\">\n\t\t\t\t\t\t\t\t\t<p data-start=\"3440\" data-end=\"3763\">La Fundaci\u00f3n JYR 1961 ofrece a empresas, instituciones y organizaciones diversas f\u00f3rmulas de colaboraci\u00f3n adaptadas a su naturaleza y capacidad de implicaci\u00f3n. Estas alianzas pueden traducirse en apoyo econ\u00f3mico, patrocinio de programas, prestaci\u00f3n de servicios, cesi\u00f3n de recursos o participaci\u00f3n en iniciativas concretas.\u00a0<\/p><p data-start=\"3765\" data-end=\"3963\">La colaboraci\u00f3n con empresas y entidades permite ampliar el alcance del proyecto y fortalecer una red comprometida con la formaci\u00f3n de futuros l\u00edderes y con la creaci\u00f3n de oportunidades sostenibles.<\/p><p data-start=\"3765\" data-end=\"3963\">[POR DEFINIR FORMAS DE COLABORACI\u00d3N: EMPRESAS, VOLUNTARIADO, LEGADO, OTRAS FORMAS Y SOLICITUD]<\/p>\t\t\t\t\t\t\t\t<\/div>\n\t\t\t\t<\/div>\n\t\t\t\t<div class=\"elementor-element elementor-element-2534717 elementor-cta--skin-classic elementor-animated-content elementor-bg-transform elementor-bg-transform-zoom-in elementor-widget elementor-widget-call-to-action\" data-id=\"2534717\" data-element_type=\"widget\" data-e-type=\"widget\" data-widget_type=\"call-to-action.default\">\n\t\t\t\t\t\t\t<div class=\"elementor-cta\">\n\t\t\t\t\t<div class=\"elementor-cta__bg-wrapper\">\n\t\t\t\t<div class=\"elementor-cta__bg elementor-bg\" style=\"background-image: url(https:\/\/proyecto115.adgencypixel.com\/wp-content\/uploads\/2026\/03\/christmas-decor-in-women-hand-2026-01-07-07-38-07-utc-scaled.jpg);\" role=\"img\" aria-label=\"Vintage Christmas background with Christmas decoration. Christmas greeting card. Festive decoration on bokex silver background. New Year concept. Copy space. Flat lay. Top view.\"><\/div>\n\t\t\t\t<div class=\"elementor-cta__bg-overlay\"><\/div>\n\t\t\t<\/div>\n\t\t\t\t\t\t\t<div class=\"elementor-cta__content\">\n\t\t\t\t\n\t\t\t\t\t\t\t\t\t<h2 class=\"elementor-cta__title elementor-cta__content-item elementor-content-item\">\n\t\t\t\t\t\tHazte Partner \/ Colaborador\t\t\t\t\t<\/h2>\n\t\t\t\t\n\t\t\t\t\t\t\t\t\t<div class=\"elementor-cta__description elementor-cta__content-item elementor-content-item\">\n\t\t\t\t\t\tFomentamos el networking institucional mediante Acuerdos, Convenios y Colaboraciones. Buscamos alianzas estrat\u00e9gicas con organizaciones que compartan nuestra visi\u00f3n de \"Cabeza y Coraz\u00f3n\" para potenciar fines comunes y recursos.\t\t\t\t\t<\/div>\n\t\t\t\t\n\t\t\t\t\t\t\t\t\t<div class=\"elementor-cta__button-wrapper elementor-cta__content-item elementor-content-item \">\n\t\t\t\t\t<a class=\"elementor-cta__button elementor-button elementor-size-\">\n\t\t\t\t\t\tSaber m\u00e1s\t\t\t\t\t<\/a>\n\t\t\t\t\t<\/div>\n\t\t\t\t\t\t\t<\/div>\n\t\t\t\t\t\t<\/div>\n\t\t\t\t\t\t<\/div>\n\t\t\t\t<div class=\"elementor-element elementor-element-e2d1bcd elementor-cta--skin-classic elementor-animated-content elementor-bg-transform elementor-bg-transform-zoom-in elementor-widget elementor-widget-call-to-action\" data-id=\"e2d1bcd\" data-element_type=\"widget\" data-e-type=\"widget\" data-widget_type=\"call-to-action.default\">\n\t\t\t\t\t\t\t<div class=\"elementor-cta\">\n\t\t\t\t\t<div class=\"elementor-cta__bg-wrapper\">\n\t\t\t\t<div class=\"elementor-cta__bg elementor-bg\" style=\"background-image: url(https:\/\/proyecto115.adgencypixel.com\/wp-content\/uploads\/2026\/03\/gw-m1-s11-bg-a-1.jpg);\" role=\"img\" aria-label=\"gw-m1-s11-bg-a.jpg\"><\/div>\n\t\t\t\t<div class=\"elementor-cta__bg-overlay\"><\/div>\n\t\t\t<\/div>\n\t\t\t\t\t\t\t<div class=\"elementor-cta__content\">\n\t\t\t\t\n\t\t\t\t\t\t\t\t\t<h2 class=\"elementor-cta__title elementor-cta__content-item elementor-content-item\">\n\t\t\t\t\t\tSolicitud de Colaboraci\u00f3n\t\t\t\t\t<\/h2>\n\t\t\t\t\n\t\t\t\t\t\t\t\t\t<div class=\"elementor-cta__description elementor-cta__content-item elementor-content-item\">\n\t\t\t\t\t\tAquellos que deseen proponer proyectos deben estar alineados con nuestra exigencia de preparaci\u00f3n para el liderazgo. El apoyo de la fundaci\u00f3n conlleva un compromiso moral: los beneficiarios se preparan para ser los futuros l\u00edderes que sostendr\u00e1n el sistema.\t\t\t\t\t<\/div>\n\t\t\t\t\n\t\t\t\t\t\t\t\t\t<div class=\"elementor-cta__button-wrapper elementor-cta__content-item elementor-content-item \">\n\t\t\t\t\t<a class=\"elementor-cta__button elementor-button elementor-size-\">\n\t\t\t\t\t\tSaber m\u00e1s\t\t\t\t\t<\/a>\n\t\t\t\t\t<\/div>\n\t\t\t\t\t\t\t<\/div>\n\t\t\t\t\t\t<\/div>\n\t\t\t\t\t\t<\/div>\n\t\t\t\t<div class=\"elementor-element elementor-element-d545e89 elementor-cta--skin-classic elementor-animated-content elementor-bg-transform elementor-bg-transform-zoom-in elementor-widget elementor-widget-call-to-action\" data-id=\"d545e89\" data-element_type=\"widget\" data-e-type=\"widget\" data-widget_type=\"call-to-action.default\">\n\t\t\t\t\t\t\t<div class=\"elementor-cta\">\n\t\t\t\t\t<div class=\"elementor-cta__bg-wrapper\">\n\t\t\t\t<div class=\"elementor-cta__bg elementor-bg\" style=\"background-image: url(https:\/\/proyecto115.adgencypixel.com\/wp-content\/uploads\/2026\/03\/happy-student-and-question-for-lesson-in-classroo-2026-01-09-10-00-55-utc-scaled.jpg);\" role=\"img\" aria-label=\"Happy, student and question for lesson in classroom, high school and smile for education of biology.\"><\/div>\n\t\t\t\t<div class=\"elementor-cta__bg-overlay\"><\/div>\n\t\t\t<\/div>\n\t\t\t\t\t\t\t<div class=\"elementor-cta__content\">\n\t\t\t\t\n\t\t\t\t\t\t\t\t\t<h2 class=\"elementor-cta__title elementor-cta__content-item elementor-content-item\">\n\t\t\t\t\t\tProyectos apadrinables\t\t\t\t\t<\/h2>\n\t\t\t\t\n\t\t\t\t\t\t\t\t\t<div class=\"elementor-cta__description elementor-cta__content-item elementor-content-item\">\n\t\t\t\t\t\tExisten \u00e1mbitos concretos del proyecto que pueden ser apadrinados por empresas o entidades colaboradoras. Entre ellos se encuentran becas acad\u00e9micas, recursos formativos, actividades complementarias, equipamiento, necesidades del Colegio Mayor o iniciativas vinculadas a microproyectos y delegaciones en los pa\u00edses de origen.\n\nEl apadrinamiento permite canalizar la colaboraci\u00f3n hacia objetivos definidos, facilitando una participaci\u00f3n m\u00e1s visible, espec\u00edfica y alineada con la misi\u00f3n de la fundaci\u00f3n.\t\t\t\t\t<\/div>\n\t\t\t\t\n\t\t\t\t\t\t\t\t\t<div class=\"elementor-cta__button-wrapper elementor-cta__content-item elementor-content-item \">\n\t\t\t\t\t<a class=\"elementor-cta__button elementor-button elementor-size-\">\n\t\t\t\t\t\tSaber m\u00e1s\t\t\t\t\t<\/a>\n\t\t\t\t\t<\/div>\n\t\t\t\t\t\t\t<\/div>\n\t\t\t\t\t\t<\/div>\n\t\t\t\t\t\t<\/div>\n\t\t\t\t\t<\/div>\n\t\t\t\t<\/div>\n\t\t\t\t<\/div>\n\t\t","protected":false},"excerpt":{"rendered":"<p>Colabora Sobre la causa Entendemos la colaboraci\u00f3n no como una donaci\u00f3n puntual, sino como una alianza estrat\u00e9gica para paliar la pobreza global. Invitamos a instituciones y empresas a sumarse a un sistema que genera soluciones permanentes a trav\u00e9s del conocimiento y el liderazgo. Establecemos una relaci\u00f3n de cercan\u00eda y profesionalidad&hellip;<\/p>\n","protected":false},"author":1,"featured_media":0,"parent":0,"menu_order":0,"comment_status":"closed","ping_status":"closed","template":"","meta":{"give_campaign_id":0,"footnotes":""},"class_list":["post-3692","page","type-page","status-publish","hentry"],"campaignId":"","_links":{"self":[{"href":"https:\/\/proyecto115.adgencypixel.com\/index.php\/wp-json\/wp\/v2\/pages\/3692","targetHints":{"allow":["GET"]}}],"collection":[{"href":"https:\/\/proyecto115.adgencypixel.com\/index.php\/wp-json\/wp\/v2\/pages"}],"about":[{"href":"https:\/\/proyecto115.adgencypixel.com\/index.php\/wp-json\/wp\/v2\/types\/page"}],"author":[{"embeddable":true,"href":"https:\/\/proyecto115.adgencypixel.com\/index.php\/wp-json\/wp\/v2\/users\/1"}],"replies":[{"embeddable":true,"href":"https:\/\/proyecto115.adgencypixel.com\/index.php\/wp-json\/wp\/v2\/comments?post=3692"}],"version-history":[{"count":24,"href":"https:\/\/proyecto115.adgencypixel.com\/index.php\/wp-json\/wp\/v2\/pages\/3692\/revisions"}],"predecessor-version":[{"id":4288,"href":"https:\/\/proyecto115.adgencypixel.com\/index.php\/wp-json\/wp\/v2\/pages\/3692\/revisions\/4288"}],"wp:attachment":[{"href":"https:\/\/proyecto115.adgencypixel.com\/index.php\/wp-json\/wp\/v2\/media?parent=3692"}],"curies":[{"name":"wp","href":"https:\/\/api.w.org\/{rel}","templated":true}]}}