{"id":3927,"date":"2026-03-25T10:57:31","date_gmt":"2026-03-25T10:57:31","guid":{"rendered":"https:\/\/proyecto115.adgencypixel.com\/?page_id=3927"},"modified":"2026-04-07T08:27:28","modified_gmt":"2026-04-07T08:27:28","slug":"politica-de-cookies","status":"publish","type":"page","link":"https:\/\/proyecto115.adgencypixel.com\/index.php\/politica-de-cookies\/","title":{"rendered":"Pol\u00edtica de Cookies"},"content":{"rendered":"\t\t<div data-elementor-type=\"wp-page\" data-elementor-id=\"3927\" class=\"elementor elementor-3927\" data-elementor-post-type=\"page\">\n\t\t\t\t<div class=\"elementor-element elementor-element-f8be535 e-flex e-con-boxed lakit-col-width-auto-no e-container e-root-container elementor-top-section e-con e-parent\" data-id=\"f8be535\" data-element_type=\"container\" data-e-type=\"container\" data-settings=\"{&quot;background_background&quot;:&quot;classic&quot;}\">\n\t\t\t\t\t<div class=\"e-con-inner\">\n\t\t\t\t\t<\/div>\n\t\t\t\t<\/div>\n\t\t<div class=\"elementor-element elementor-element-16d61a8 e-flex e-con-boxed lakit-col-width-auto-no e-container e-root-container elementor-top-section e-con e-parent\" data-id=\"16d61a8\" data-element_type=\"container\" data-e-type=\"container\">\n\t\t\t\t\t<div class=\"e-con-inner\">\n\t\t\t\t<div class=\"elementor-element elementor-element-074284b elementor-widget elementor-widget-heading\" data-id=\"074284b\" data-element_type=\"widget\" data-e-type=\"widget\" data-widget_type=\"heading.default\">\n\t\t\t\t\t<h2 class=\"elementor-heading-title elementor-size-default\">Pol\u00edtica de Cookies<\/h2>\t\t\t\t<\/div>\n\t\t\t\t<div class=\"elementor-element elementor-element-64476d2 elementor-widget elementor-widget-text-editor\" data-id=\"64476d2\" data-element_type=\"widget\" data-e-type=\"widget\" data-widget_type=\"text-editor.default\">\n\t\t\t\t\t\t\t\t\t<p data-start=\"288\" data-end=\"539\">En este sitio web utilizamos cookies propias y de terceros para garantizar el correcto funcionamiento de la p\u00e1gina, recordar preferencias del usuario, analizar la navegaci\u00f3n y, en su caso, permitir la integraci\u00f3n de contenidos y servicios de terceros.<\/p><p data-start=\"541\" data-end=\"687\">El usuario puede aceptar, rechazar o configurar el uso de cookies a trav\u00e9s del banner o panel de configuraci\u00f3n habilitado al acceder al sitio web.<\/p><h2 data-section-id=\"1q78kfg\" data-start=\"689\" data-end=\"716\">1. \u00bfQu\u00e9 son las cookies?<\/h2><p data-start=\"718\" data-end=\"1006\">Las cookies son peque\u00f1os archivos de texto que se almacenan en el dispositivo del usuario cuando visita una p\u00e1gina web. Su funci\u00f3n puede ser muy diversa: permitir el funcionamiento t\u00e9cnico del sitio, recordar preferencias, recopilar informaci\u00f3n estad\u00edstica o habilitar servicios externos.<\/p><h2 data-section-id=\"14q04v4\" data-start=\"1008\" data-end=\"1039\">2. \u00bfQui\u00e9n es el responsable?<\/h2><p data-start=\"1041\" data-end=\"1186\"><strong data-start=\"1041\" data-end=\"1063\">Fundaci\u00f3n JYR 1961<\/strong><br data-start=\"1063\" data-end=\"1066\" \/><strong data-start=\"1066\" data-end=\"1087\">Domicilio social:<\/strong> Calle Poeta Juan Ram\u00f3n Jim\u00e9nez, 2 (Esquina con Avenida del Brillante, 89), 14012, C\u00f3rdoba, Espa\u00f1a.<\/p><p data-start=\"1188\" data-end=\"1216\">En adelante, \u201cla Fundaci\u00f3n\u201d.<\/p><h2 data-section-id=\"tv5h97\" data-start=\"1218\" data-end=\"1269\">3. \u00bfQu\u00e9 tipos de cookies utiliza este sitio web?<\/h2><h3 data-section-id=\"sxf4y0\" data-start=\"1271\" data-end=\"1307\">a) Cookies t\u00e9cnicas o necesarias<\/h3><p data-start=\"1308\" data-end=\"1441\">Son imprescindibles para que el sitio web funcione correctamente y para que el usuario pueda navegar y utilizar sus opciones b\u00e1sicas.<\/p><p data-start=\"1443\" data-end=\"1465\">Incluyen, por ejemplo:<\/p><ul data-start=\"1466\" data-end=\"1696\"><li data-section-id=\"jjmy1x\" data-start=\"1466\" data-end=\"1506\">Cookies necesarias para la navegaci\u00f3n.<\/li><li data-section-id=\"1plpj5a\" data-start=\"1507\" data-end=\"1530\">Cookies de seguridad.<\/li><li data-section-id=\"uhg2d4\" data-start=\"1531\" data-end=\"1596\">Cookies para guardar la elecci\u00f3n del consentimiento de cookies.<\/li><li data-section-id=\"1lffusl\" data-start=\"1597\" data-end=\"1696\">Cookies necesarias para el correcto funcionamiento de formularios o elementos visuales de la web.<\/li><\/ul><p data-start=\"1698\" data-end=\"1776\">Estas cookies no requieren consentimiento cuando son estrictamente necesarias.<\/p><h3 data-section-id=\"9hnkh2\" data-start=\"1778\" data-end=\"1811\">b) Cookies de personalizaci\u00f3n<\/h3><p data-start=\"1812\" data-end=\"1968\">Permiten recordar determinadas preferencias del usuario, como el idioma, el navegador o ciertos ajustes visuales, para ofrecer una experiencia m\u00e1s adaptada.<\/p><h3 data-section-id=\"13qyxd1\" data-start=\"1970\" data-end=\"2007\">c) Cookies de an\u00e1lisis o medici\u00f3n<\/h3><p data-start=\"2008\" data-end=\"2201\">Permiten recopilar informaci\u00f3n estad\u00edstica sobre c\u00f3mo los usuarios utilizan el sitio web, como p\u00e1ginas visitadas, tiempo de navegaci\u00f3n, origen de las visitas o comportamiento general en la web.<\/p><p data-start=\"2203\" data-end=\"2304\">La finalidad de estas cookies es mejorar el funcionamiento, el contenido y la experiencia de usuario.<\/p><h3 data-section-id=\"13rbvcm\" data-start=\"2306\" data-end=\"2332\">d) Cookies de terceros<\/h3><p data-start=\"2333\" data-end=\"2502\">Este sitio web puede integrar funcionalidades o contenidos proporcionados por terceros, lo que puede suponer la instalaci\u00f3n de cookies ajenas al dominio de la Fundaci\u00f3n.<\/p><h2 data-section-id=\"175mj1n\" data-start=\"2504\" data-end=\"2574\">4. Herramientas y servicios que pueden utilizar cookies en esta web<\/h2><p data-start=\"2576\" data-end=\"2714\">Dependiendo de los m\u00f3dulos activos en WordPress, este sitio web puede utilizar cookies asociadas a los siguientes servicios o tecnolog\u00edas:<\/p><h3 data-section-id=\"bmn6i7\" data-start=\"2716\" data-end=\"2729\">WordPress<\/h3><p data-start=\"2730\" data-end=\"2893\">El propio sistema de gesti\u00f3n de contenidos puede utilizar cookies t\u00e9cnicas necesarias para el funcionamiento del sitio, gesti\u00f3n de sesiones y preferencias b\u00e1sicas.<\/p><h3 data-section-id=\"1h0lr45\" data-start=\"2895\" data-end=\"2908\">Elementor<\/h3><p data-start=\"2909\" data-end=\"3082\">Si la web est\u00e1 construida con Elementor, pueden utilizarse cookies t\u00e9cnicas o funcionales necesarias para el renderizado y comportamiento de determinados elementos visuales.<\/p><h3 data-section-id=\"i26q69\" data-start=\"3084\" data-end=\"3111\">Formularios de contacto<\/h3><p data-start=\"3112\" data-end=\"3281\">Los formularios integrados en la p\u00e1gina pueden utilizar cookies t\u00e9cnicas para su funcionamiento, prevenci\u00f3n de env\u00edos autom\u00e1ticos o mejora de la experiencia del usuario.<\/p><h3 data-section-id=\"17t2blk\" data-start=\"3283\" data-end=\"3344\">Google Analytics o herramientas equivalentes de anal\u00edtica<\/h3><p data-start=\"3345\" data-end=\"3516\">En caso de estar habilitadas, estas herramientas permiten recopilar informaci\u00f3n estad\u00edstica agregada o asociada a identificadores del navegador sobre el uso del sitio web.<\/p><h3 data-section-id=\"he7yao\" data-start=\"3518\" data-end=\"3533\">Google Maps<\/h3><p data-start=\"3534\" data-end=\"3700\">Si el sitio web incrusta mapas, este servicio puede instalar cookies para mostrar correctamente el mapa y gestionar preferencias, seguridad o interacci\u00f3n del usuario.<\/p><h3 data-section-id=\"1rle7ec\" data-start=\"3702\" data-end=\"3721\">YouTube o Vimeo<\/h3><p data-start=\"3722\" data-end=\"3848\">Si se insertan v\u00eddeos desde estas plataformas, al reproducirlos o interactuar con ellos pueden instalarse cookies de terceros.<\/p><h3 data-section-id=\"1rh1qfo\" data-start=\"3850\" data-end=\"3870\">Google reCAPTCHA<\/h3><p data-start=\"3871\" data-end=\"4030\">Si se utiliza para proteger formularios frente a spam o env\u00edos automatizados, este servicio puede instalar cookies con fines de seguridad y an\u00e1lisis de riesgo.<\/p><h2 data-section-id=\"2hzb63\" data-start=\"4032\" data-end=\"4058\">5. Base de legitimaci\u00f3n<\/h2><p data-start=\"4060\" data-end=\"4217\">La base jur\u00eddica para el uso de cookies no necesarias es el <strong data-start=\"4120\" data-end=\"4150\">consentimiento del usuario<\/strong>, prestado a trav\u00e9s del banner o panel de configuraci\u00f3n de cookies.<\/p><p data-start=\"4219\" data-end=\"4409\">Las cookies t\u00e9cnicas o necesarias se utilizan sobre la base de que son imprescindibles para el funcionamiento del sitio web o para prestar un servicio expresamente solicitado por el usuario.<\/p><h2 data-section-id=\"1qdutup\" data-start=\"4411\" data-end=\"4453\">6. \u00bfDurante cu\u00e1nto tiempo se conservan?<\/h2><p data-start=\"4455\" data-end=\"4478\">Las cookies pueden ser:<\/p><ul data-start=\"4480\" data-end=\"4668\"><li data-section-id=\"lhbzl3\" data-start=\"4480\" data-end=\"4539\"><strong data-start=\"4482\" data-end=\"4495\">De sesi\u00f3n<\/strong>, cuando desaparecen al cerrar el navegador.<\/li><li data-section-id=\"4msimd\" data-start=\"4540\" data-end=\"4668\"><strong data-start=\"4542\" data-end=\"4558\">Persistentes<\/strong>, cuando permanecen almacenadas durante un periodo determinado o hasta que el usuario las elimina manualmente.<\/li><\/ul><p data-start=\"4670\" data-end=\"4781\">El plazo concreto depender\u00e1 del tipo de cookie y de la configuraci\u00f3n de cada proveedor o herramienta utilizada.<\/p><h2 data-section-id=\"ceccxj\" data-start=\"4783\" data-end=\"4834\">7. \u00bfC\u00f3mo puede el usuario gestionar las cookies?<\/h2><p data-start=\"4836\" data-end=\"4875\">El usuario puede, en cualquier momento:<\/p><ul data-start=\"4877\" data-end=\"5086\"><li data-section-id=\"24zriq\" data-start=\"4877\" data-end=\"4905\">Aceptar todas las cookies.<\/li><li data-section-id=\"1yus3d8\" data-start=\"4906\" data-end=\"4943\">Rechazar las cookies no necesarias.<\/li><li data-section-id=\"ze59t3\" data-start=\"4944\" data-end=\"5016\">Configurar sus preferencias desde el panel habilitado en el sitio web.<\/li><li data-section-id=\"15pc0id\" data-start=\"5017\" data-end=\"5086\">Eliminar o bloquear cookies desde la configuraci\u00f3n de su navegador.<\/li><\/ul><p data-start=\"5088\" data-end=\"5193\">La desactivaci\u00f3n de determinadas cookies puede afectar al funcionamiento de algunas partes del sitio web.<\/p><h2 data-section-id=\"jcycr1\" data-start=\"5195\" data-end=\"5238\">8. Gesti\u00f3n de cookies desde el navegador<\/h2><p data-start=\"5240\" data-end=\"5428\">El usuario puede configurar su navegador para permitir, bloquear o eliminar cookies. Esta gesti\u00f3n puede realizarse desde las opciones de privacidad o configuraci\u00f3n del navegador utilizado.<\/p><p data-start=\"5430\" data-end=\"5548\">Cada navegador ofrece procedimientos distintos, por lo que se recomienda consultar la documentaci\u00f3n oficial del mismo.<\/p><h2 data-section-id=\"xcxtp\" data-start=\"5550\" data-end=\"5595\">9. Transferencias internacionales de datos<\/h2><p data-start=\"5597\" data-end=\"5868\">La utilizaci\u00f3n de servicios de terceros como Google, YouTube, Vimeo o herramientas similares puede implicar transferencias internacionales de datos fuera del Espacio Econ\u00f3mico Europeo, de acuerdo con las pol\u00edticas y mecanismos legales establecidos por dichos proveedores.<\/p><p data-start=\"5870\" data-end=\"5982\">La Fundaci\u00f3n procurar\u00e1 utilizar herramientas que ofrezcan garant\u00edas adecuadas conforme a la normativa aplicable.<\/p><h2 data-section-id=\"dvund4\" data-start=\"5984\" data-end=\"6023\">10. Actualizaciones de esta pol\u00edtica<\/h2><p data-start=\"6025\" data-end=\"6195\">La presente Pol\u00edtica de Cookies podr\u00e1 modificarse cuando sea necesario para adaptarla a cambios normativos, t\u00e9cnicos o derivados de la propia configuraci\u00f3n del sitio web.<\/p><p data-start=\"6197\" data-end=\"6247\">Se recomienda al usuario revisarla peri\u00f3dicamente.<\/p><h2 data-section-id=\"gfxaxw\" data-start=\"6249\" data-end=\"6264\">11. Contacto<\/h2><p data-start=\"6266\" data-end=\"6446\">Para cualquier consulta relacionada con la presente Pol\u00edtica de Cookies, el usuario podr\u00e1 dirigirse a la Fundaci\u00f3n a trav\u00e9s de los medios de contacto habilitados en este sitio web.<\/p>\t\t\t\t\t\t\t\t<\/div>\n\t\t\t\t\t<\/div>\n\t\t\t\t<\/div>\n\t\t\t\t<\/div>\n\t\t","protected":false},"excerpt":{"rendered":"<p>Pol\u00edtica de Cookies En este sitio web utilizamos cookies propias y de terceros para garantizar el correcto funcionamiento de la p\u00e1gina, recordar preferencias del usuario, analizar la navegaci\u00f3n y, en su caso, permitir la integraci\u00f3n de contenidos y servicios de terceros. El usuario puede aceptar, rechazar o configurar el uso&hellip;<\/p>\n","protected":false},"author":1,"featured_media":0,"parent":0,"menu_order":0,"comment_status":"closed","ping_status":"closed","template":"","meta":{"give_campaign_id":0,"footnotes":""},"class_list":["post-3927","page","type-page","status-publish","hentry"],"campaignId":"","_links":{"self":[{"href":"https:\/\/proyecto115.adgencypixel.com\/index.php\/wp-json\/wp\/v2\/pages\/3927","targetHints":{"allow":["GET"]}}],"collection":[{"href":"https:\/\/proyecto115.adgencypixel.com\/index.php\/wp-json\/wp\/v2\/pages"}],"about":[{"href":"https:\/\/proyecto115.adgencypixel.com\/index.php\/wp-json\/wp\/v2\/types\/page"}],"author":[{"embeddable":true,"href":"https:\/\/proyecto115.adgencypixel.com\/index.php\/wp-json\/wp\/v2\/users\/1"}],"replies":[{"embeddable":true,"href":"https:\/\/proyecto115.adgencypixel.com\/index.php\/wp-json\/wp\/v2\/comments?post=3927"}],"version-history":[{"count":12,"href":"https:\/\/proyecto115.adgencypixel.com\/index.php\/wp-json\/wp\/v2\/pages\/3927\/revisions"}],"predecessor-version":[{"id":4278,"href":"https:\/\/proyecto115.adgencypixel.com\/index.php\/wp-json\/wp\/v2\/pages\/3927\/revisions\/4278"}],"wp:attachment":[{"href":"https:\/\/proyecto115.adgencypixel.com\/index.php\/wp-json\/wp\/v2\/media?parent=3927"}],"curies":[{"name":"wp","href":"https:\/\/api.w.org\/{rel}","templated":true}]}}